{"id":6,"date":"2026-01-12T11:31:57","date_gmt":"2026-01-12T11:31:57","guid":{"rendered":"https:\/\/cacsport.com\/?page_id=6"},"modified":"2026-02-06T14:16:39","modified_gmt":"2026-02-06T14:16:39","slug":"home","status":"publish","type":"page","link":"https:\/\/cacsport.pt\/","title":{"rendered":"Home"},"content":{"rendered":"\t\t<div data-elementor-type=\"wp-page\" data-elementor-id=\"6\" class=\"elementor elementor-6\" data-elementor-settings=\"{&quot;ha_cmc_init_switcher&quot;:&quot;no&quot;}\">\n\t\t\t\t<div class=\"elementor-element elementor-element-bbf4a9a e-flex e-con-boxed e-con e-parent\" data-id=\"bbf4a9a\" data-element_type=\"container\" data-e-type=\"container\" data-settings=\"{&quot;_ha_eqh_enable&quot;:false}\">\n\t\t\t\t\t<div class=\"e-con-inner\">\n\t\t\t\t<div class=\"elementor-element elementor-element-940f182 elementor-widget__width-initial elementor-widget elementor-widget-image\" data-id=\"940f182\" data-element_type=\"widget\" data-e-type=\"widget\" data-widget_type=\"image.default\">\n\t\t\t\t\t\t\t\t\t\t\t\t\t\t\t<img fetchpriority=\"high\" decoding=\"async\" width=\"1024\" height=\"281\" src=\"https:\/\/cacsport.pt\/wp-content\/uploads\/2026\/02\/Image_12-1024x281.png\" class=\"attachment-large size-large wp-image-699\" alt=\"\" srcset=\"https:\/\/cacsport.pt\/wp-content\/uploads\/2026\/02\/Image_12-1024x281.png 1024w, https:\/\/cacsport.pt\/wp-content\/uploads\/2026\/02\/Image_12-300x82.png 300w, https:\/\/cacsport.pt\/wp-content\/uploads\/2026\/02\/Image_12-768x211.png 768w, https:\/\/cacsport.pt\/wp-content\/uploads\/2026\/02\/Image_12-1536x422.png 1536w, https:\/\/cacsport.pt\/wp-content\/uploads\/2026\/02\/Image_12-2048x562.png 2048w, https:\/\/cacsport.pt\/wp-content\/uploads\/2026\/02\/Image_12-600x165.png 600w\" sizes=\"(max-width: 1024px) 100vw, 1024px\" \/>\t\t\t\t\t\t\t\t\t\t\t\t\t\t\t<\/div>\n\t\t\t\t<div class=\"elementor-element elementor-element-1a84184 elementor-widget elementor-widget-heading\" data-id=\"1a84184\" data-element_type=\"widget\" data-e-type=\"widget\" data-widget_type=\"heading.default\">\n\t\t\t\t\t<h2 class=\"elementor-heading-title elementor-size-default\"><a href=\"https:\/\/cacsport.pt\/?page_id=16\">Not\u00edcias<\/a><\/h2>\t\t\t\t<\/div>\n\t\t\t\t<div class=\"elementor-element elementor-element-45e694e elementor-widget elementor-widget-heading\" data-id=\"45e694e\" data-element_type=\"widget\" data-e-type=\"widget\" data-widget_type=\"heading.default\">\n\t\t\t\t\t<h2 class=\"elementor-heading-title elementor-size-default\">Mantenha-se atualizado e por dentro de tudo o que est\u00e1 a acontecer<\/h2>\t\t\t\t<\/div>\n\t\t\t\t<div class=\"elementor-element elementor-element-d9cf872 elementor-widget__width-inherit elementor-widget elementor-widget-upk-timeline\" data-id=\"d9cf872\" data-element_type=\"widget\" data-e-type=\"widget\" data-widget_type=\"upk-timeline.default\">\n\t\t\t\t\t\n\t\t<div class=\"upk-timeline\">\n\t\t\t<div class=\"upk-wrapper\">\n\n\t\t\t\t\n\t\t\t\t\t\n\t\t<div class=\"upk-item \">\n\t\t\t<div class=\"upk-item-box\">\n\t\t\t\t<span class=\"upk-start-end-wrap\">\n\t\t\t\t\t<span class=\"upk-start\">start<\/span>\n\t\t\t\t\t<span class=\"upk-end\">end<\/span>\n\t\t\t\t<\/span>\n\t\t\t\t\t\t\t\t\t<div class=\"upk-date-wrapper\">\n\t\t\t\t\t\t<div class=\"upk-date-inner\">\n\t\t\t\t\t\t\t<span class=\"upk-month\">03\/30<\/span>\n\t\t\t\t\t\t\t<span class=\"upk-year\">2026<\/span>\n\t\t\t\t\t\t<\/div>\n\t\t\t\t\t<\/div>\n\t\t\t\t\n\t\t\t\t<div class=\"upk-image-and-content-wrapper\">\n\t\t\t\t\t<div class=\"upk-image-wrapper\">\n\t\t\t\t\t\t<img decoding=\"async\" width=\"1150\" height=\"1500\" src=\"https:\/\/cacsport.pt\/wp-content\/uploads\/2026\/03\/65997608-6e41-4b90-8627-03454beff3c9.jpg\" class=\"upk-img\" alt=\"Passeio Solid\u00e1rio &#8211; Pais em Rede &#8211; Aveiro\" srcset=\"https:\/\/cacsport.pt\/wp-content\/uploads\/2026\/03\/65997608-6e41-4b90-8627-03454beff3c9.jpg 1150w, https:\/\/cacsport.pt\/wp-content\/uploads\/2026\/03\/65997608-6e41-4b90-8627-03454beff3c9-230x300.jpg 230w, https:\/\/cacsport.pt\/wp-content\/uploads\/2026\/03\/65997608-6e41-4b90-8627-03454beff3c9-785x1024.jpg 785w, https:\/\/cacsport.pt\/wp-content\/uploads\/2026\/03\/65997608-6e41-4b90-8627-03454beff3c9-768x1002.jpg 768w, https:\/\/cacsport.pt\/wp-content\/uploads\/2026\/03\/65997608-6e41-4b90-8627-03454beff3c9-600x783.jpg 600w\" sizes=\"(max-width: 1150px) 100vw, 1150px\" \/>\t\t\t\t\t<\/div>\n\t\t\t\t\t<div class=\"upk-content-wrap\">\n\n\t\t\t\t\t\t\t\t<div class=\"upk-category\">\n\t\t\t<a href=\"https:\/\/cacsport.pt\/?cat=8\" \n\t\t\t\t\t\t\taria-label=\"Category Conv\u00edvios, Passeios, Almo\u00e7os e Jantares\">Conv\u00edvios, Passeios, Almo\u00e7os e Jantares<\/a>\t\t<\/div>\n\t\t\t\t\t\t\t<h3 class=\"upk-title\"><a href=\"https:\/\/cacsport.pt\/?p=819\" title=\"Passeio Solid\u00e1rio &#8211; Pais em Rede &#8211; Aveiro\" class=\"title-animation-underline\" aria-label=\"Passeio Solid\u00e1rio &#8211; Pais em Rede &#8211; Aveiro\">Passeio Solid\u00e1rio &#8211; Pais em Rede &#8211; Aveiro<\/a><\/h3>\n\t\t\t\t\t\t\n\t\t\t\t\t\t\n\t\t\t\t\t\t<div class=\"upk-meta\">\n\t\t\t\t\t\t\t\t\t\t\t\t\t\t<span class=\"upk-separator\">|<\/span>\n\t\t\t\t\t\t\t\t\t\t\t\t\t<\/div>\n\t\t\t\t\t<\/div>\n\t\t\t\t<\/div>\n\n\t\t\t\t<div class=\"upk-line-right\"><\/div>\n\t\t\t\t<div class=\"upk-line-left\"><\/div>\n\t\t\t<\/div>\n\t\t<\/div>\n\t\t\n\t\t\t\t\n\t\t\t\t\t\n\t\t<div class=\"upk-item \">\n\t\t\t<div class=\"upk-item-box\">\n\t\t\t\t<span class=\"upk-start-end-wrap\">\n\t\t\t\t\t<span class=\"upk-start\">start<\/span>\n\t\t\t\t\t<span class=\"upk-end\">end<\/span>\n\t\t\t\t<\/span>\n\t\t\t\t\t\t\t\t\t<div class=\"upk-date-wrapper\">\n\t\t\t\t\t\t<div class=\"upk-date-inner\">\n\t\t\t\t\t\t\t<span class=\"upk-month\">03\/17<\/span>\n\t\t\t\t\t\t\t<span class=\"upk-year\">2026<\/span>\n\t\t\t\t\t\t<\/div>\n\t\t\t\t\t<\/div>\n\t\t\t\t\n\t\t\t\t<div class=\"upk-image-and-content-wrapper\">\n\t\t\t\t\t<div class=\"upk-image-wrapper\">\n\t\t\t\t\t\t<img decoding=\"async\" width=\"1448\" height=\"2048\" src=\"https:\/\/cacsport.pt\/wp-content\/uploads\/2026\/03\/650911644_1547478170720817_240886079863955407_n.jpg\" class=\"upk-img\" alt=\"Curso de Regularidade Hist\u00f3rica &#8211; 18 de Abril\" srcset=\"https:\/\/cacsport.pt\/wp-content\/uploads\/2026\/03\/650911644_1547478170720817_240886079863955407_n.jpg 1448w, https:\/\/cacsport.pt\/wp-content\/uploads\/2026\/03\/650911644_1547478170720817_240886079863955407_n-212x300.jpg 212w, https:\/\/cacsport.pt\/wp-content\/uploads\/2026\/03\/650911644_1547478170720817_240886079863955407_n-724x1024.jpg 724w, https:\/\/cacsport.pt\/wp-content\/uploads\/2026\/03\/650911644_1547478170720817_240886079863955407_n-768x1086.jpg 768w, https:\/\/cacsport.pt\/wp-content\/uploads\/2026\/03\/650911644_1547478170720817_240886079863955407_n-1086x1536.jpg 1086w, https:\/\/cacsport.pt\/wp-content\/uploads\/2026\/03\/650911644_1547478170720817_240886079863955407_n-600x849.jpg 600w\" sizes=\"(max-width: 1448px) 100vw, 1448px\" \/>\t\t\t\t\t<\/div>\n\t\t\t\t\t<div class=\"upk-content-wrap\">\n\n\t\t\t\t\t\t\t\t<div class=\"upk-category\">\n\t\t\t<a href=\"https:\/\/cacsport.pt\/?cat=10\" \n\t\t\t\t\t\t\taria-label=\"Category Cursos e Forma\u00e7\u00f5es\">Cursos e Forma\u00e7\u00f5es<\/a>\t\t<\/div>\n\t\t\t\t\t\t\t<h3 class=\"upk-title\"><a href=\"https:\/\/cacsport.pt\/?p=804\" title=\"Curso de Regularidade Hist\u00f3rica &#8211; 18 de Abril\" class=\"title-animation-underline\" aria-label=\"Curso de Regularidade Hist\u00f3rica &#8211; 18 de Abril\">Curso de Regularidade Hist\u00f3rica &#8211; 18 de Abril<\/a><\/h3>\n\t\t\t\t\t\t\n\t\t\t\t\t\t\n\t\t\t\t\t\t<div class=\"upk-meta\">\n\t\t\t\t\t\t\t\t\t\t\t\t\t\t<span class=\"upk-separator\">|<\/span>\n\t\t\t\t\t\t\t\t\t\t\t\t\t<\/div>\n\t\t\t\t\t<\/div>\n\t\t\t\t<\/div>\n\n\t\t\t\t<div class=\"upk-line-right\"><\/div>\n\t\t\t\t<div class=\"upk-line-left\"><\/div>\n\t\t\t<\/div>\n\t\t<\/div>\n\t\t\n\t\t\t\t\n\t\t\t\t\t\n\t\t<div class=\"upk-item \">\n\t\t\t<div class=\"upk-item-box\">\n\t\t\t\t<span class=\"upk-start-end-wrap\">\n\t\t\t\t\t<span class=\"upk-start\">start<\/span>\n\t\t\t\t\t<span class=\"upk-end\">end<\/span>\n\t\t\t\t<\/span>\n\t\t\t\t\t\t\t\t\t<div class=\"upk-date-wrapper\">\n\t\t\t\t\t\t<div class=\"upk-date-inner\">\n\t\t\t\t\t\t\t<span class=\"upk-month\">01\/25<\/span>\n\t\t\t\t\t\t\t<span class=\"upk-year\">2026<\/span>\n\t\t\t\t\t\t<\/div>\n\t\t\t\t\t<\/div>\n\t\t\t\t\n\t\t\t\t<div class=\"upk-image-and-content-wrapper\">\n\t\t\t\t\t<div class=\"upk-image-wrapper\">\n\t\t\t\t\t\t<img loading=\"lazy\" decoding=\"async\" width=\"1624\" height=\"2048\" src=\"https:\/\/cacsport.pt\/wp-content\/uploads\/2026\/01\/Design-sem-nome-69.png\" class=\"upk-img\" alt=\"Certifica\u00e7\u00e3o de autom\u00f3veis cl\u00e1ssicos &#8211; inscreva j\u00e1 o seu cl\u00e1ssico para ser certificado em Abril.\" srcset=\"https:\/\/cacsport.pt\/wp-content\/uploads\/2026\/01\/Design-sem-nome-69.png 1624w, https:\/\/cacsport.pt\/wp-content\/uploads\/2026\/01\/Design-sem-nome-69-238x300.png 238w, https:\/\/cacsport.pt\/wp-content\/uploads\/2026\/01\/Design-sem-nome-69-812x1024.png 812w, https:\/\/cacsport.pt\/wp-content\/uploads\/2026\/01\/Design-sem-nome-69-768x969.png 768w, https:\/\/cacsport.pt\/wp-content\/uploads\/2026\/01\/Design-sem-nome-69-1218x1536.png 1218w, https:\/\/cacsport.pt\/wp-content\/uploads\/2026\/01\/Design-sem-nome-69-600x757.png 600w\" sizes=\"(max-width: 1624px) 100vw, 1624px\" \/>\t\t\t\t\t<\/div>\n\t\t\t\t\t<div class=\"upk-content-wrap\">\n\n\t\t\t\t\t\t\t\t<div class=\"upk-category\">\n\t\t\t<a href=\"https:\/\/cacsport.pt\/?cat=11\" \n\t\t\t\t\t\t\taria-label=\"Category Certifica\u00e7\u00e3o\">Certifica\u00e7\u00e3o<\/a>\t\t<\/div>\n\t\t\t\t\t\t\t<h3 class=\"upk-title\"><a href=\"https:\/\/cacsport.pt\/?p=372\" title=\"Certifica\u00e7\u00e3o de autom\u00f3veis cl\u00e1ssicos &#8211; inscreva j\u00e1 o seu cl\u00e1ssico para ser certificado em Abril.\" class=\"title-animation-underline\" aria-label=\"Certifica\u00e7\u00e3o de autom\u00f3veis cl\u00e1ssicos &#8211; inscreva j\u00e1 o seu cl\u00e1ssico para ser certificado em Abril.\">Certifica\u00e7\u00e3o de autom\u00f3veis cl\u00e1ssicos &#8211; inscreva j\u00e1 o seu cl\u00e1ssico para ser certificado em Abril.<\/a><\/h3>\n\t\t\t\t\t\t\n\t\t\t\t\t\t\n\t\t\t\t\t\t<div class=\"upk-meta\">\n\t\t\t\t\t\t\t\t\t\t\t\t\t\t<span class=\"upk-separator\">|<\/span>\n\t\t\t\t\t\t\t\t\t\t\t\t\t<\/div>\n\t\t\t\t\t<\/div>\n\t\t\t\t<\/div>\n\n\t\t\t\t<div class=\"upk-line-right\"><\/div>\n\t\t\t\t<div class=\"upk-line-left\"><\/div>\n\t\t\t<\/div>\n\t\t<\/div>\n\t\t\n\t\t\t\t\n\t\t\t\t\t\n\t\t<div class=\"upk-item upk-last-even-item upk-last-odd-item\">\n\t\t\t<div class=\"upk-item-box\">\n\t\t\t\t<span class=\"upk-start-end-wrap\">\n\t\t\t\t\t<span class=\"upk-start\">start<\/span>\n\t\t\t\t\t<span class=\"upk-end\">end<\/span>\n\t\t\t\t<\/span>\n\t\t\t\t\t\t\t\t\t<div class=\"upk-date-wrapper\">\n\t\t\t\t\t\t<div class=\"upk-date-inner\">\n\t\t\t\t\t\t\t<span class=\"upk-month\">01\/12<\/span>\n\t\t\t\t\t\t\t<span class=\"upk-year\">2026<\/span>\n\t\t\t\t\t\t<\/div>\n\t\t\t\t\t<\/div>\n\t\t\t\t\n\t\t\t\t<div class=\"upk-image-and-content-wrapper\">\n\t\t\t\t\t<div class=\"upk-image-wrapper\">\n\t\t\t\t\t\t<img loading=\"lazy\" decoding=\"async\" width=\"1000\" height=\"600\" src=\"https:\/\/cacsport.pt\/wp-content\/uploads\/2026\/01\/Design-sem-nome-35.png\" class=\"upk-img\" alt=\"Curso de Controladores de Rally \u2013 Em breve no Clube Autom\u00f3vel do Centro\" srcset=\"https:\/\/cacsport.pt\/wp-content\/uploads\/2026\/01\/Design-sem-nome-35.png 1000w, https:\/\/cacsport.pt\/wp-content\/uploads\/2026\/01\/Design-sem-nome-35-300x180.png 300w, https:\/\/cacsport.pt\/wp-content\/uploads\/2026\/01\/Design-sem-nome-35-768x461.png 768w, https:\/\/cacsport.pt\/wp-content\/uploads\/2026\/01\/Design-sem-nome-35-600x360.png 600w\" sizes=\"(max-width: 1000px) 100vw, 1000px\" \/>\t\t\t\t\t<\/div>\n\t\t\t\t\t<div class=\"upk-content-wrap\">\n\n\t\t\t\t\t\t\t\t<div class=\"upk-category\">\n\t\t\t<a href=\"https:\/\/cacsport.pt\/?cat=10\" \n\t\t\t\t\t\t\taria-label=\"Category Cursos e Forma\u00e7\u00f5es\">Cursos e Forma\u00e7\u00f5es<\/a>\t\t<\/div>\n\t\t\t\t\t\t\t<h3 class=\"upk-title\"><a href=\"https:\/\/cacsport.pt\/?p=84\" title=\"Curso de Controladores de Rally \u2013 Em breve no Clube Autom\u00f3vel do Centro\" class=\"title-animation-underline\" aria-label=\"Curso de Controladores de Rally \u2013 Em breve no Clube Autom\u00f3vel do Centro\">Curso de Controladores de Rally \u2013 Em breve no Clube Autom\u00f3vel do Centro<\/a><\/h3>\n\t\t\t\t\t\t\n\t\t\t\t\t\t\n\t\t\t\t\t\t<div class=\"upk-meta\">\n\t\t\t\t\t\t\t\t\t\t\t\t\t\t<span class=\"upk-separator\">|<\/span>\n\t\t\t\t\t\t\t\t\t\t\t\t\t<\/div>\n\t\t\t\t\t<\/div>\n\t\t\t\t<\/div>\n\n\t\t\t\t<div class=\"upk-line-right\"><\/div>\n\t\t\t\t<div class=\"upk-line-left\"><\/div>\n\t\t\t<\/div>\n\t\t<\/div>\n\t\t\n\t\t\t\t\t\t\t<\/div>\n\t\t<\/div>\n\n\t\t\t\t\t\t<\/div>\n\t\t\t\t\t<\/div>\n\t\t\t\t<\/div>\n\t\t<div class=\"elementor-element elementor-element-4551d16 e-flex e-con-boxed e-con e-parent\" data-id=\"4551d16\" data-element_type=\"container\" data-e-type=\"container\" data-settings=\"{&quot;_ha_eqh_enable&quot;:false}\">\n\t\t\t\t\t<div class=\"e-con-inner\">\n\t\t<div class=\"elementor-element elementor-element-ef0272e e-con-full e-flex e-con e-child\" data-id=\"ef0272e\" data-element_type=\"container\" data-e-type=\"container\" data-settings=\"{&quot;_ha_eqh_enable&quot;:false}\">\n\t\t\t\t<div class=\"elementor-element elementor-element-1f86c18 elementor-widget elementor-widget-heading\" data-id=\"1f86c18\" data-element_type=\"widget\" data-e-type=\"widget\" data-widget_type=\"heading.default\">\n\t\t\t\t\t<h2 class=\"elementor-heading-title elementor-size-default\">A Nossa Hist\u00f3ria<\/h2>\t\t\t\t<\/div>\n\t\t\t\t<div class=\"elementor-element elementor-element-a62ea78 elementor-widget elementor-widget-text-editor\" data-id=\"a62ea78\" data-element_type=\"widget\" data-e-type=\"widget\" data-widget_type=\"text-editor.default\">\n\t\t\t\t\t\t\t\t\t<p data-start=\"0\" data-end=\"207\"><span style=\"letter-spacing: 0px;\"> O Clube Autom\u00f3vel do Centro (CAC) nasceu em 1966, fruto da paix\u00e3o de um grupo de entusiastas do automobilismo e do desporto motorizado na regi\u00e3o centro de Portugal. Desde a sua funda\u00e7\u00e3o, o clube assumiu como miss\u00e3o promover o automobilismo, dinamizar a pr\u00e1tica desportiva e contribuir para o desenvolvimento social, tur\u00edstico e cultural dos territ\u00f3rios onde atua.<\/span><\/p><p data-start=\"0\" data-end=\"207\"><span style=\"letter-spacing: 0px;\">Ao longo das d\u00e9cadas, o clube tem sido ativo no desporto motorizado nacional, organizando e colaborando na realiza\u00e7\u00e3o de v\u00e1rias provas automobil\u00edsticas, especialmente ralis, em diferentes localidades do centro do pa\u00eds.\u00a0<\/span><\/p><p data-start=\"209\" data-end=\"651\">Muitas s\u00e3o as provas que integraram ou integram campeonatos nacionais e regionais de diversas modalidades de desporto motorizado.<\/p><p data-start=\"653\" data-end=\"942\">O CAC tamb\u00e9m expandiu as suas atividades para \u00e1reas como autom\u00f3veis antigos e cl\u00e1ssicos, motociclismo, slots e todo-o-terreno. Em 2022 passou a ser s\u00f3cio efectivo da Federa\u00e7\u00e3o de Motociclismo de Portugal, aumentando a sua capacidade de organizar eventos na \u00e1rea do motociclismo.<\/p>\t\t\t\t\t\t\t\t<\/div>\n\t\t\t\t<\/div>\n\t\t<div class=\"elementor-element elementor-element-836d1e5 e-con-full e-flex e-con e-child\" data-id=\"836d1e5\" data-element_type=\"container\" data-e-type=\"container\" data-settings=\"{&quot;_ha_eqh_enable&quot;:false}\">\n\t\t\t\t<div class=\"elementor-element elementor-element-c9109df elementor-widget__width-inherit elementor-widget elementor-widget-image\" data-id=\"c9109df\" data-element_type=\"widget\" data-e-type=\"widget\" data-widget_type=\"image.default\">\n\t\t\t\t\t\t\t\t\t\t\t\t\t\t\t<img loading=\"lazy\" decoding=\"async\" width=\"2000\" height=\"1500\" src=\"https:\/\/cacsport.pt\/wp-content\/uploads\/2026\/01\/f1f599c9-4113-42a8-9a47-bdf76a958602.jpg\" class=\"attachment-full size-full wp-image-198\" alt=\"\" srcset=\"https:\/\/cacsport.pt\/wp-content\/uploads\/2026\/01\/f1f599c9-4113-42a8-9a47-bdf76a958602.jpg 2000w, https:\/\/cacsport.pt\/wp-content\/uploads\/2026\/01\/f1f599c9-4113-42a8-9a47-bdf76a958602-300x225.jpg 300w, https:\/\/cacsport.pt\/wp-content\/uploads\/2026\/01\/f1f599c9-4113-42a8-9a47-bdf76a958602-1024x768.jpg 1024w, https:\/\/cacsport.pt\/wp-content\/uploads\/2026\/01\/f1f599c9-4113-42a8-9a47-bdf76a958602-768x576.jpg 768w, https:\/\/cacsport.pt\/wp-content\/uploads\/2026\/01\/f1f599c9-4113-42a8-9a47-bdf76a958602-1536x1152.jpg 1536w, https:\/\/cacsport.pt\/wp-content\/uploads\/2026\/01\/f1f599c9-4113-42a8-9a47-bdf76a958602-600x450.jpg 600w\" sizes=\"(max-width: 2000px) 100vw, 2000px\" \/>\t\t\t\t\t\t\t\t\t\t\t\t\t\t\t<\/div>\n\t\t\t\t<\/div>\n\t\t\t\t\t<\/div>\n\t\t\t\t<\/div>\n\t\t\t\t<\/div>\n\t\t","protected":false},"excerpt":{"rendered":"<p>Not\u00edcias Mantenha-se atualizado e por dentro de tudo o que est\u00e1 a acontecer start end 01\/21 2026 Conv\u00edvios, Passeios, Almo\u00e7os e Jantares Uncategorized 60 Anos a criar emo\u00e7\u00f5es: Clube Autom\u00f3vel do Centro (CAC) | start end 01\/12 2026 Cursos e Forma\u00e7\u00f5es Curso de Controladores de Rally \u2013 Em breve no Clube Autom\u00f3vel do Centro | [&hellip;]<\/p>\n","protected":false},"author":1,"featured_media":0,"parent":0,"menu_order":0,"comment_status":"closed","ping_status":"closed","template":"elementor_header_footer","meta":{"footnotes":""},"class_list":["post-6","page","type-page","status-publish","hentry"],"_links":{"self":[{"href":"https:\/\/cacsport.pt\/index.php?rest_route=\/wp\/v2\/pages\/6","targetHints":{"allow":["GET"]}}],"collection":[{"href":"https:\/\/cacsport.pt\/index.php?rest_route=\/wp\/v2\/pages"}],"about":[{"href":"https:\/\/cacsport.pt\/index.php?rest_route=\/wp\/v2\/types\/page"}],"author":[{"embeddable":true,"href":"https:\/\/cacsport.pt\/index.php?rest_route=\/wp\/v2\/users\/1"}],"replies":[{"embeddable":true,"href":"https:\/\/cacsport.pt\/index.php?rest_route=%2Fwp%2Fv2%2Fcomments&post=6"}],"version-history":[{"count":82,"href":"https:\/\/cacsport.pt\/index.php?rest_route=\/wp\/v2\/pages\/6\/revisions"}],"predecessor-version":[{"id":702,"href":"https:\/\/cacsport.pt\/index.php?rest_route=\/wp\/v2\/pages\/6\/revisions\/702"}],"wp:attachment":[{"href":"https:\/\/cacsport.pt\/index.php?rest_route=%2Fwp%2Fv2%2Fmedia&parent=6"}],"curies":[{"name":"wp","href":"https:\/\/api.w.org\/{rel}","templated":true}]}}